{"id":213,"date":"2025-08-13T14:09:27","date_gmt":"2025-08-13T14:09:27","guid":{"rendered":"https:\/\/espacoequilibriotec.com\/?page_id=213"},"modified":"2025-09-29T21:07:11","modified_gmt":"2025-09-29T21:07:11","slug":"home-2","status":"publish","type":"page","link":"https:\/\/espacoequilibriotec.com\/","title":{"rendered":"Home"},"content":{"rendered":"\n\n\n\n<h2><span class=\"a_GcMg\" style=\"color: rgb(66, 18, 65); font-family: YAEZxhW1Plk_0, _fb_, auto; font-size: 1em; text-wrap-mode: nowrap; font-weight: 700; font-kerning: none;\"><font style=\"vertical-align: inherit;\"><font style=\"vertical-align: inherit;\"><font style=\"vertical-align: inherit;\"><font style=\"vertical-align: inherit;\">Bem-vindos ao&nbsp;<\/font><\/font><\/font><\/font><\/span><\/h2>\n<h2><span class=\"a_GcMg\" style=\"color: rgb(66, 18, 65); font-family: YAEZxhW1Plk_0, _fb_, auto; font-size: 1em; text-wrap-mode: nowrap; font-weight: 700; font-kerning: none;\"><font style=\"vertical-align: inherit;\"><font style=\"vertical-align: inherit;\"><\/font><\/font><\/span><font style=\"vertical-align: inherit;\"><span class=\"a_GcMg\" style=\"color: rgb(66, 18, 65); font-family: YAEZxhW1Plk_0, _fb_, auto; font-size: 1em; text-wrap-mode: nowrap; font-weight: 700; font-kerning: none;\"><font style=\"vertical-align: inherit;\">Espa\u00e7o Equil\u00edbrio <\/font><\/span><span class=\"a_GcMg\" style=\"color: rgb(66, 18, 65); font-family: YAEZxhW1Plk_0, _fb_, auto; font-size: 1em; text-wrap-mode: nowrap; font-weight: 700; font-kerning: none;\"><font style=\"vertical-align: inherit;\">Terapias<\/font><\/span><\/font><span class=\"a_GcMg\" style=\"color: rgb(66, 18, 65); font-family: YAEZxhW1Plk_0, _fb_, auto; font-size: 1em; text-wrap-mode: nowrap; font-weight: 700; font-kerning: none;\"><br><\/span><span class=\"a_GcMg\" style=\"color: rgb(66, 18, 65); font-family: YAEZxhW1Plk_0, _fb_, auto; font-size: 1em; text-wrap-mode: nowrap; font-weight: 700; font-kerning: none;\"><font style=\"vertical-align: inherit;\"><\/font><\/span><\/h2>\n\n<h5><font style=\"vertical-align: inherit;\"><font style=\"vertical-align: inherit; color: rgb(0, 0, 0); line-height: 1.5;\"><font style=\"vertical-align: inherit;\"><font style=\"vertical-align: inherit; color: rgb(108, 106, 165);\">Um espa\u00e7o dedicado ao bem-estar do corpo, da mente e do esp\u00edrito. Aqui voc\u00ea encontra um ambiente acolhedor, profissionais experientes e uma programa\u00e7\u00e3o pensada para promover equil\u00edbrio, sa\u00fade e conex\u00e3o com voc\u00ea e com o mundo ao seu redor. Oferecemos massagens, terapias hol\u00edsticas, pilates, espa\u00e7os para cow<span style=\"color:#6c6aa5;\"><span style=\"\"><\/span><\/span>orking e forma\u00e7\u00f5es que unem t\u00e9cnica e prop\u00f3sito. Tudo isso em um s\u00f3 lugar. Viva com mais leveza. Respire equil\u00edbrio.<\/font><\/font><\/font><\/font><\/h5>\n\n\n\n\n\n\n\n\n\n\n\n\n\n\n\n<h2><span class=\"a_GcMg\" style=\"color: rgb(66, 18, 65); font-family: YAEZxhW1Plk_0, _fb_, auto; font-size: 1em; text-wrap-mode: nowrap; font-weight: 700; font-kerning: none;\"><font style=\"vertical-align: inherit;\"><font style=\"vertical-align: inherit;\"><font style=\"vertical-align: inherit;\"><font style=\"vertical-align: inherit;\"><font style=\"vertical-align: inherit;\"><font style=\"vertical-align: inherit;\"><span style=\"font-weight: 500; text-align: start;\">Reservas Online<\/span><\/font><\/font><\/font><\/font><\/font><\/font><\/span><\/h2>\n\n\n\n\n\n\n\n\n\n\n\n\n\n\n\n\n\n\n<h2><span style=\"color: rgb(66, 18, 65); font-family: YAEZxhW1Plk_0, _fb_, auto; font-size: 74.6664px; text-wrap-mode: nowrap;\"><font style=\"vertical-align: inherit;\">Cowork<\/font><\/span><\/h2>\n\n<h5><font style=\"vertical-align: inherit;\"><font style=\"vertical-align: inherit; color: rgb(0, 0, 0); line-height: 1.5;\"><font style=\"vertical-align: inherit;\"><font style=\"vertical-align: inherit; color: rgb(108, 106, 165);\"><font style=\"vertical-align: inherit;\"><font style=\"vertical-align: inherit;\">Nosso espa\u00e7o de coworking foi criado para quem\nbusca trabalhar com tranquilidade, foco e bem-estar.\nAqui, o ambiente \u00e9 silencioso, acolhedor e rodeado por\nenergia leve \u2014 ideal para profissionais aut\u00f4nomos,\nterapeutas, profissionais de sa\u00fade e todos que\nvalorizam equil\u00edbrio entre produtividade e qualidade de\nvida.<\/font><\/font><\/font><\/font><\/font><\/font><\/h5>\n\n<h5><font style=\"vertical-align: inherit;\"><font style=\"vertical-align: inherit; color: rgb(0, 0, 0); line-height: 1.5;\"><font style=\"vertical-align: inherit;\"><font style=\"vertical-align: inherit; color: rgb(108, 106, 165);\"><font style=\"vertical-align: inherit;\"><font style=\"vertical-align: inherit;\">Venha conhecer o cowork do Espa\u00e7o Equil\u00edbrio e\nviva a experi\u00eancia de unir trabalho, bem-estar e\nconex\u00e3o verdadeira.<\/font><\/font><\/font><\/font><\/font><\/font><\/h5>\n\n\n\n\n\n<p style=\"text-align: left;\"><\/p><ul style=\"color: rgb(108, 106, 165);\"><li style=\"text-align: left;\"><font style=\"vertical-align: inherit;\"><font style=\"vertical-align: inherit; color: rgb(108, 106, 165);\"><em><font style=\"vertical-align: inherit;\"><font style=\"vertical-align: inherit;\">Salas confort\u00e1veis e multiuso Internet&nbsp;<\/font><\/font><\/em><\/font><\/font><\/li><li style=\"text-align: left;\"><font style=\"vertical-align: inherit;\"><font style=\"vertical-align: inherit; color: rgb(108, 106, 165);\"><em><font style=\"vertical-align: inherit;\"><font style=\"vertical-align: inherit;\">Ambiente climatizado e iluminado naturalmente&nbsp;<\/font><\/font><\/em><\/font><\/font><\/li><li style=\"text-align: left;\"><font style=\"vertical-align: inherit;\"><font style=\"vertical-align: inherit; color: rgb(108, 106, 165);\"><em><font style=\"vertical-align: inherit;\"><font style=\"vertical-align: inherit;\">Espa\u00e7os para atendimento individual, aulas ou reuni\u00f5es<\/font><\/font><\/em><\/font><\/font><\/li><\/ul>\n\n\n\n\n\n\n<h2><span style=\"; color: rgb(66, 18, 65); font-family: YAEZxhW1Plk_0, _fb_, auto; font-size: 74.6664px; text-wrap-mode: nowrap;\"><font style=\"vertical-align: inherit;\"><font style=\"vertical-align: inherit;\">Pilates<\/font><\/font><\/span><\/h2>\n\n<h5><font style=\"vertical-align: inherit;\"><font style=\"vertical-align: inherit; color: rgb(0, 0, 0); line-height: 1.5;\"><font style=\"vertical-align: inherit;\"><font style=\"vertical-align: inherit; color: rgb(108, 106, 165);\"><font style=\"vertical-align: inherit;\"><font style=\"vertical-align: inherit;\"><font style=\"vertical-align: inherit;\"><font style=\"vertical-align: inherit;\">O Pilates \u00e9 uma pr\u00e1tica que vai al\u00e9m do exerc\u00edcio\nf\u00edsico: \u00e9 um convite ao autoconhecimento atrav\u00e9s do\nmovimento.\n\nNo Espa\u00e7o Equil\u00edbrio, oferecemos aulas\npersonalizadas e em pequenos grupos, com aten\u00e7\u00e3o\nplena \u00e0 postura, respira\u00e7\u00e3o e alinhamento do corpo.<\/font><\/font><\/font><\/font><\/font><\/font><\/font><\/font><\/h5>\n\n\n\n\n\n<p style=\"text-align: left;\"><\/p><ul style=\"color: rgb(108, 106, 165);\"><li style=\"text-align: left;\"><font style=\"vertical-align: inherit;\"><font style=\"vertical-align: inherit;\"><font style=\"vertical-align: inherit;\"><font style=\"vertical-align: inherit;\">Fortalecimento muscular profundo&nbsp;<\/font><\/font><\/font><\/font><\/li><li style=\"text-align: left;\"><font style=\"vertical-align: inherit;\"><font style=\"vertical-align: inherit;\"><font style=\"vertical-align: inherit;\"><font style=\"vertical-align: inherit;\">Melhora da postura e flexibilidade Alivio de tens\u00e3o e dores corporais&nbsp;<\/font><\/font><\/font><\/font><\/li><li style=\"text-align: left;\"><font style=\"vertical-align: inherit;\"><font style=\"vertical-align: inherit;\"><font style=\"vertical-align: inherit;\"><font style=\"vertical-align: inherit;\">Respira\u00e7\u00e3o consciente e equil\u00edbrio emocional Indicado para todas as idades, incluindo gestantes<\/font><\/font><\/font><\/font><\/li><\/ul>\n\n\n\n\n\n\n<h2><span style=\"; color: rgb(66, 18, 65); font-family: YAEZxhW1Plk_0, _fb_, auto; font-size: 74.6664px; text-wrap-mode: nowrap;\"><font style=\"vertical-align: inherit;\"><font style=\"vertical-align: inherit;\">Massagem<\/font><\/font><\/span><\/h2>\n\n<h5><font style=\"vertical-align: inherit;\"><font style=\"vertical-align: inherit; color: rgb(0, 0, 0); line-height: 1.5;\"><font style=\"vertical-align: inherit;\"><font style=\"vertical-align: inherit; color: rgb(108, 106, 165);\"><font style=\"vertical-align: inherit;\"><font style=\"vertical-align: inherit;\"><font style=\"vertical-align: inherit;\"><font style=\"vertical-align: inherit;\">No Espa\u00e7o Equil\u00edbrio, a massagem \u00e9 um gesto de\ncuidado, escuta e presen\u00e7a.\n\nAtrav\u00e9s do toque consciente, auxiliamos na libera\u00e7\u00e3o\nde tens\u00f5es f\u00edsicas e emocionais, promovendo bem-\nestar profundo e reconex\u00e3o com o corpo.\n\nOferecemos um atendimento sens\u00edvel e\nindividualizado, unindo diferentes tradi\u00e7\u00f5es\nterap\u00eauticas com um ambiente calmo, aromas\nsuaves e m\u00fasica relaxante.<\/font><\/font><\/font><\/font><\/font><\/font><\/font><\/font><\/h5>\n\n<h5><ul><li><font style=\"vertical-align: inherit;\"><font style=\"vertical-align: inherit; color: rgb(0, 0, 0); line-height: 1.5;\"><font style=\"vertical-align: inherit;\"><font style=\"vertical-align: inherit; color: rgb(108, 106, 165);\"><font style=\"vertical-align: inherit;\"><font style=\"vertical-align: inherit;\">Relaxamento profundo\n\nAl\u00edvio de dores musculares e tens\u00f5es&nbsp;<\/font><\/font><\/font><\/font><\/font><\/font><\/li><li><font style=\"vertical-align: inherit;\"><font style=\"vertical-align: inherit; color: rgb(0, 0, 0); line-height: 1.5;\"><font style=\"vertical-align: inherit;\"><font style=\"vertical-align: inherit; color: rgb(108, 106, 165);\"><font style=\"vertical-align: inherit;\"><font style=\"vertical-align: inherit;\">Apoio ao sistema linf\u00e1tico e circulat\u00f3rio&nbsp;<\/font><\/font><\/font><\/font><\/font><\/font><\/li><li><font style=\"vertical-align: inherit;\"><font style=\"vertical-align: inherit; color: rgb(0, 0, 0); line-height: 1.5;\"><font style=\"vertical-align: inherit;\"><font style=\"vertical-align: inherit; color: rgb(108, 106, 165);\"><font style=\"vertical-align: inherit;\"><font style=\"vertical-align: inherit;\">Cuidado especial para gestantes&nbsp;<\/font><\/font><\/font><\/font><\/font><\/font><\/li><li><font style=\"vertical-align: inherit;\"><font style=\"vertical-align: inherit; color: rgb(0, 0, 0); line-height: 1.5;\"><font style=\"vertical-align: inherit;\"><font style=\"vertical-align: inherit; color: rgb(108, 106, 165);\"><font style=\"vertical-align: inherit;\"><font style=\"vertical-align: inherit;\">Equil\u00edbrio energ\u00e9tico e vitalidade<\/font><\/font><\/font><\/font><\/font><\/font><\/li><\/ul><\/h5>\n\n\n\n\n\n\n\n\n\n\n\n\n<h2><span style=\"; color: rgb(66, 18, 65); font-family: YAEZxhW1Plk_0, _fb_, auto; font-size: 74.6664px; text-wrap-mode: nowrap;\"><font style=\"vertical-align: inherit;\"><font style=\"vertical-align: inherit;\"><font style=\"vertical-align: inherit;\"><font style=\"vertical-align: inherit;\">Terapias<\/font><\/font><\/font><\/font><\/span><\/h2>\n\n\n\n\n\n\n\n\n\n\n\n\n\n\n\n\n\n\n\n\n<h2><span style=\"; color: rgb(66, 18, 65); font-family: YAEZxhW1Plk_0, _fb_, auto; font-size: 74.6664px; text-wrap-mode: nowrap;\"><font style=\"vertical-align: inherit;\"><font style=\"vertical-align: inherit;\"><font style=\"vertical-align: inherit;\"><font style=\"vertical-align: inherit;\">Galeria<\/font><\/font><\/font><\/font><\/span><\/h2>\n\n\n\n\n\n\n\n\n\n\n<h2><span style=\"; color: rgb(66, 18, 65); font-family: YAEZxhW1Plk_0, _fb_, auto; font-size: 74.6664px; text-wrap-mode: nowrap;\"><font style=\"vertical-align: inherit;\"><font style=\"vertical-align: inherit;\"><font style=\"vertical-align: inherit;\"><font style=\"vertical-align: inherit;\"><font style=\"vertical-align: inherit;\"><font style=\"vertical-align: inherit;\">Quem somos<\/font><\/font><\/font><\/font><\/font><\/font><\/span><\/h2>\n\n\n\n<font style=\"vertical-align: inherit;\"><font style=\"vertical-align: inherit; color: rgb(108, 106, 165);\">Graduada em Marketing, P\u00f3s Graduada em Dermomicropigmenta\u00e7\u00e3o, T\u00e9cnica em Massagem, T\u00e9cnica em Est\u00e9tica, Mestra em Reiki, cursos e especializa\u00e7\u00f5es na \u00e1rea de Massagens e Terapias Hol\u00edsticas, incluindo Constela\u00e7\u00f5es Familiares. Com experi\u00eancia de 15 anos de atividades. Em 2024 desenvolveu seu pr\u00f3prio m\u00e9todo de atendimento terap\u00eautico chamado Massagem 3D.<\/font><\/font>\n\n\n<font style=\"vertical-align: inherit;\"><font style=\"vertical-align: inherit; color: rgb(108, 106, 165);\">Graduado em Economia de Mercado, especializado em contabilidade Geral, sociologia aplicada a administra\u00e7\u00e3o, comportamento humano nas organiza\u00e7\u00f5es, t\u00f3picos em direito empresarial, gest\u00e3o da produ\u00e7\u00e3o, comunica\u00e7\u00e3o empresarial, gest\u00e3o financeira, log\u00edstica empresarial, rela\u00e7\u00f5es internacionais, administra\u00e7\u00e3o de servi\u00e7os, gest\u00e3o de vendas, pesquisa de mercado, \u00e9tica empresarial, empreendedorismo plano de neg\u00f3cios.<\/font><\/font>\n\n\n<font style=\"vertical-align: inherit;\"><font style=\"vertical-align: inherit; color: rgb(108, 106, 165);\">Licenciada em Educa\u00e7\u00e3o F\u00edsica, T\u00e9cnica em manipula\u00e7\u00f5es osteop\u00e1ticas, P\u00f3s graduada em Ergonomia e Sa\u00fade P\u00fablica, especializada no M\u00e9todo Pilates solo e m\u00e1quinas. Desenvolveu e implementou Programas Sociais, empreendedora no ramo Fitness e vem aplicando essas habilidades em empresas de Portugal.<\/font><\/font>\n\n\n\n\n\n\n","protected":false},"excerpt":{"rendered":"","protected":false},"author":1,"featured_media":0,"parent":0,"menu_order":0,"comment_status":"closed","ping_status":"closed","template":"","meta":{"pagelayer_contact_templates":[],"_pagelayer_content":"","footnotes":""},"_links":{"self":[{"href":"https:\/\/espacoequilibriotec.com\/index.php\/wp-json\/wp\/v2\/pages\/213"}],"collection":[{"href":"https:\/\/espacoequilibriotec.com\/index.php\/wp-json\/wp\/v2\/pages"}],"about":[{"href":"https:\/\/espacoequilibriotec.com\/index.php\/wp-json\/wp\/v2\/types\/page"}],"author":[{"embeddable":true,"href":"https:\/\/espacoequilibriotec.com\/index.php\/wp-json\/wp\/v2\/users\/1"}],"replies":[{"embeddable":true,"href":"https:\/\/espacoequilibriotec.com\/index.php\/wp-json\/wp\/v2\/comments?post=213"}],"version-history":[{"count":33,"href":"https:\/\/espacoequilibriotec.com\/index.php\/wp-json\/wp\/v2\/pages\/213\/revisions"}],"predecessor-version":[{"id":297,"href":"https:\/\/espacoequilibriotec.com\/index.php\/wp-json\/wp\/v2\/pages\/213\/revisions\/297"}],"wp:attachment":[{"href":"https:\/\/espacoequilibriotec.com\/index.php\/wp-json\/wp\/v2\/media?parent=213"}],"curies":[{"name":"wp","href":"https:\/\/api.w.org\/{rel}","templated":true}]}}